{"id":4300,"date":"2020-04-01T15:43:49","date_gmt":"2020-04-01T15:43:49","guid":{"rendered":"https:\/\/002.orgelbau-felsberg.ch\/?page_id=4300"},"modified":"2020-05-26T07:41:14","modified_gmt":"2020-05-26T07:41:14","slug":"offres","status":"publish","type":"page","link":"https:\/\/002.orgelbau-felsberg.ch\/fr\/offer\/offres\/","title":{"rendered":"Offres"},"content":{"rendered":"<table border=\"0\" width=\"100%\" cellspacing=\"0\" cellpadding=\"0\">\n<tbody>\n<tr>\n<td valign=\"top\" width=\"33%\"><strong>Cr\u00e9er<\/strong><br \/>\nOrgues d\u2019\u00e9glise<br \/>\nOrgues de concert<br \/>\nOrgues de salon<br \/>\nOrgues de conservatoire<br \/>\nOrgues de travail<br \/>\nOrgues de choeur<br \/>\nPositifs<br \/>\nOrgues coffres<br \/>\nR\u00e9gales<br \/>\nOrgues portatifs<\/td>\n<td valign=\"top\" width=\"34%\"><strong>Redonner vie \u00e0 des tr\u00e9sors anciens<\/strong><br \/>\nRestaurations<br \/>\nReconstructions<br \/>\nCopies de styles anciens<br \/>\nOrgues d\u2019occasion<br \/>\nR\u00e9novations d\u2019harmoniums<\/td>\n<td valign=\"top\" width=\"33%\"><strong>Etre au service de l\u2019instrument<\/strong><br \/>\nR\u00e9visions<br \/>\nAccords<br \/>\nR\u00e9parations<br \/>\nTravaux de r\u00e9glage<br \/>\nContrats de service apr\u00e8s-vente et d\u2019entretien<br \/>\nModifications d\u2019instruments<br \/>\nExtensions d\u2019instruments<br \/>\nD\u00e9placements d\u2019orgues<br \/>\nMesures de protection d\u2019instruments<br \/>\nLocation d\u2019orgues (orgues offres)<\/td>\n<\/tr>\n<\/tbody>\n<\/table>\n<div class=\"responsivetable\">\n<strong>Cr\u00e9er<\/strong><br \/>\nOrgues d\u2019\u00e9glise<br \/>\nOrgues de concert<br \/>\nOrgues de salon<br \/>\nOrgues de conservatoire<br \/>\nOrgues de travail<br \/>\nOrgues de choeur<br \/>\nPositifs<br \/>\nOrgues coffres<br \/>\nR\u00e9gales<br \/>\nOrgues portatifs<\/p>\n<p><strong>Redonner vie \u00e0 des tr\u00e9sors anciens<\/strong><br \/>\nRestaurations<br \/>\nReconstructions<br \/>\nCopies de styles anciens<br \/>\nOrgues d\u2019occasion<br \/>\nR\u00e9novations d\u2019harmoniums<\/td>\n<p><strong>Etre au service de l\u2019instrument<\/strong><br \/>\nR\u00e9visions<br \/>\nAccords<br \/>\nR\u00e9parations<br \/>\nTravaux de r\u00e9glage<br \/>\nContrats de service apr\u00e8s-vente et d\u2019entretien<br \/>\nModifications d\u2019instruments<br \/>\nExtensions d\u2019instruments<br \/>\nD\u00e9placements d\u2019orgues<br \/>\nMesures de protection d\u2019instruments<br \/>\nLocation d\u2019orgues (orgues offres)\n<\/div>\n","protected":false},"excerpt":{"rendered":"<p>Cr\u00e9er Orgues d\u2019\u00e9glise Orgues de concert Orgues de salon Orgues de conservatoire Orgues de travail Orgues de choeur Positifs Orgues coffres R\u00e9gales Orgues portatifs Redonner vie \u00e0 des tr\u00e9sors anciens Restaurations Reconstructions Copies de styles anciens Orgues d\u2019occasion R\u00e9novations d\u2019harmoniums Etre au service de l\u2019instrument R\u00e9visions Accords R\u00e9parations Travaux de r\u00e9glage Contrats de service apr\u00e8s-vente &hellip; <a href=\"https:\/\/002.orgelbau-felsberg.ch\/fr\/offer\/offres\/\" class=\"more-link\">Continuer la lecture<span class=\"screen-reader-text\"> de &laquo;&nbsp;Offres&nbsp;&raquo;<\/span><\/a><\/p>\n","protected":false},"author":1,"featured_media":0,"parent":4232,"menu_order":0,"comment_status":"closed","ping_status":"closed","template":"","meta":{"_acf_changed":false,"footnotes":""},"class_list":["post-4300","page","type-page","status-publish","hentry"],"acf":[],"_links":{"self":[{"href":"https:\/\/002.orgelbau-felsberg.ch\/fr\/wp-json\/wp\/v2\/pages\/4300","targetHints":{"allow":["GET"]}}],"collection":[{"href":"https:\/\/002.orgelbau-felsberg.ch\/fr\/wp-json\/wp\/v2\/pages"}],"about":[{"href":"https:\/\/002.orgelbau-felsberg.ch\/fr\/wp-json\/wp\/v2\/types\/page"}],"author":[{"embeddable":true,"href":"https:\/\/002.orgelbau-felsberg.ch\/fr\/wp-json\/wp\/v2\/users\/1"}],"replies":[{"embeddable":true,"href":"https:\/\/002.orgelbau-felsberg.ch\/fr\/wp-json\/wp\/v2\/comments?post=4300"}],"version-history":[{"count":5,"href":"https:\/\/002.orgelbau-felsberg.ch\/fr\/wp-json\/wp\/v2\/pages\/4300\/revisions"}],"predecessor-version":[{"id":4872,"href":"https:\/\/002.orgelbau-felsberg.ch\/fr\/wp-json\/wp\/v2\/pages\/4300\/revisions\/4872"}],"up":[{"embeddable":true,"href":"https:\/\/002.orgelbau-felsberg.ch\/fr\/wp-json\/wp\/v2\/pages\/4232"}],"wp:attachment":[{"href":"https:\/\/002.orgelbau-felsberg.ch\/fr\/wp-json\/wp\/v2\/media?parent=4300"}],"curies":[{"name":"wp","href":"https:\/\/api.w.org\/{rel}","templated":true}]}}