{"id":4282,"date":"2020-04-01T15:31:39","date_gmt":"2020-04-01T15:31:39","guid":{"rendered":"https:\/\/002.orgelbau-felsberg.ch\/?page_id=4282"},"modified":"2020-04-01T15:31:39","modified_gmt":"2020-04-01T15:31:39","slug":"quels-sont-les-caracteres-distinctifs-de-la-manufacture-dorgues-felsberg","status":"publish","type":"page","link":"https:\/\/002.orgelbau-felsberg.ch\/fr\/quels-sont-les-caracteres-distinctifs-de-la-manufacture-dorgues-felsberg\/","title":{"rendered":"Quels sont les caract\u00e8res distinctifs de la manufacture d\u2019orgues Felsberg?"},"content":{"rendered":"<p>Il serait vain de se mettre \u00e0 la recherche du type m\u00eame de l\u2019orgue Felsberg: tout simplement parce qu\u2019il n\u2019existe pas. On d\u00e9couvrira plut\u00f4t un riche bouquet d\u2019orientations stylistiques et de caract\u00e9ristiques sonores des plus vari\u00e9es, d\u2019instruments dont chacun poss\u00e8de son caract\u00e8re individuel bien marqu\u00e9.La diversit\u00e9 des orgues historiques qui sont notre principale source d\u2019inspiration est tr\u00e8s vaste, et selon leur implantation nationale ou r\u00e9gionale, la mentalit\u00e9 et le go\u00fbt des habitants, ils sont l\u2019expression d\u2019une \u00e9poque et portent la marque stylistique d\u2019- une r\u00e9gion. Autrefois les musiciens composaient leurs oeuvres pour les instruments qui leur \u00e9taient familiers. Les orgues historiques sont ainsi rest\u00e9es un \u00e9l\u00e9ment essentiel de notre h\u00e9ritage musical permettant une interpr\u00e9tation quasiment authentique de ce r\u00e9pertoire. Lorsqu\u2019un organiste d\u2019aujourd\u2019hui a la chance de disposer d\u2019un tel instrument, il est en quelque sorte oblig\u00e9 d\u2019adopter une mani\u00e8re de jouer se rapprochant fortement de celle imagin\u00e9e par le compositeur. Y aurait-il meilleure condition pour r\u00e9aliser une interpr\u00e9tation \u00e0 la fois personnelle et respectueuse du style de l\u2019oeuvre ?<\/p>\n<p>Si la vari\u00e9t\u00e9 est une marque essentielle de la musique, elle l\u2019est tout autant pour les orgues, le type de facture, l\u2019alimentation en vent, les tailles ou l\u2019harmonisation. Pour cette raison, construire un instrument neuf en s\u2019inspirant d\u2019un style donn\u00e9 est pour un facteur la meilleure mani\u00e8re d\u2019acqu\u00e9rir une connaissance intime de l\u2019orgue historique.<\/p>\n<p>Cette exp\u00e9rience lui sera aussi tr\u00e8s utile pour la construction d\u2019instruments modernes dot\u00e9s d\u2019une fa\u00e7ade contemporaine. C\u2019est pr\u00e9cis\u00e9ment cette diversit\u00e9 des styles qui fait que construire un orgue est une activit\u00e9 cr\u00e9atrice exigeant du facteur et de l\u2019- harmoniste une facult\u00e9 d\u2019adaptation et une sensibilit\u00e9 hors du commun. Il va sans dire qu\u2019une facture de haut niveau telle que nous venons de la d\u00e9crire r\u00e9clame un sens rigoureux de la pr\u00e9cision et un effort soutenu de perfection artistique et technique. Parmi ces \u00abindividus au caract\u00e8re bien marqu\u00e9 \u00bb figurent, et figureront pour les g\u00e9n\u00e9rations futures, gr\u00e2ce \u00e0 leur diversit\u00e9 et leur qualit\u00e9, les orgues issues de la manufacture FELSBERG.<\/p>\n","protected":false},"excerpt":{"rendered":"<p>Il serait vain de se mettre \u00e0 la recherche du type m\u00eame de l\u2019orgue Felsberg: tout simplement parce qu\u2019il n\u2019existe pas. On d\u00e9couvrira plut\u00f4t un riche bouquet d\u2019orientations stylistiques et de caract\u00e9ristiques sonores des plus vari\u00e9es, d\u2019instruments dont chacun poss\u00e8de son caract\u00e8re individuel bien marqu\u00e9.La diversit\u00e9 des orgues historiques qui sont notre principale source d\u2019inspiration &hellip; <a href=\"https:\/\/002.orgelbau-felsberg.ch\/fr\/quels-sont-les-caracteres-distinctifs-de-la-manufacture-dorgues-felsberg\/\" class=\"more-link\">Continuer la lecture<span class=\"screen-reader-text\"> de &laquo;&nbsp;Quels sont les caract\u00e8res distinctifs de la manufacture d\u2019orgues Felsberg?&nbsp;&raquo;<\/span><\/a><\/p>\n","protected":false},"author":1,"featured_media":0,"parent":0,"menu_order":0,"comment_status":"closed","ping_status":"closed","template":"","meta":{"_acf_changed":false,"footnotes":""},"class_list":["post-4282","page","type-page","status-publish","hentry"],"acf":[],"_links":{"self":[{"href":"https:\/\/002.orgelbau-felsberg.ch\/fr\/wp-json\/wp\/v2\/pages\/4282","targetHints":{"allow":["GET"]}}],"collection":[{"href":"https:\/\/002.orgelbau-felsberg.ch\/fr\/wp-json\/wp\/v2\/pages"}],"about":[{"href":"https:\/\/002.orgelbau-felsberg.ch\/fr\/wp-json\/wp\/v2\/types\/page"}],"author":[{"embeddable":true,"href":"https:\/\/002.orgelbau-felsberg.ch\/fr\/wp-json\/wp\/v2\/users\/1"}],"replies":[{"embeddable":true,"href":"https:\/\/002.orgelbau-felsberg.ch\/fr\/wp-json\/wp\/v2\/comments?post=4282"}],"version-history":[{"count":1,"href":"https:\/\/002.orgelbau-felsberg.ch\/fr\/wp-json\/wp\/v2\/pages\/4282\/revisions"}],"predecessor-version":[{"id":4283,"href":"https:\/\/002.orgelbau-felsberg.ch\/fr\/wp-json\/wp\/v2\/pages\/4282\/revisions\/4283"}],"wp:attachment":[{"href":"https:\/\/002.orgelbau-felsberg.ch\/fr\/wp-json\/wp\/v2\/media?parent=4282"}],"curies":[{"name":"wp","href":"https:\/\/api.w.org\/{rel}","templated":true}]}}