{"id":4272,"date":"2020-04-01T14:25:28","date_gmt":"2020-04-01T14:25:28","guid":{"rendered":"https:\/\/002.orgelbau-felsberg.ch\/?page_id=4272"},"modified":"2020-06-15T12:00:57","modified_gmt":"2020-06-15T12:00:57","slug":"histoire","status":"publish","type":"page","link":"https:\/\/002.orgelbau-felsberg.ch\/fr\/histoire\/","title":{"rendered":"Histoire"},"content":{"rendered":"<p><strong>2005<\/strong><br \/>\nTokyo III\/P16 (Japon), orgue pour un particulier<br \/>\nOrgue de salon neuf<\/p>\n<p>Rona I\/P\/12 (Suisse), \u00e9glise catholique<br \/>\nR\u00e9novation de l\u2019orgue dont les parties les plus anciennes datent de 1675 et proviennent du couvent St. Jean de M\u00fcstair.<\/p>\n<p>Tokyo I\/6 (Japon), \u00e9glise protestante<br \/>\nOrgue coffre neuf avec registres coup\u00e9s (B\/D) et quatre possibilit\u00e9s de transposition.<\/p>\n<p>Fribourg I\/7 (Suisse), Conservatoire<br \/>\nOrgue coffre neuf avec registres coup\u00e9s (B\/D) et quatre possibilit\u00e9s de transposition.<\/p>\n<p>Bangalore II\/P\/15 (Inde), cath\u00e9drale St.Marks<br \/>\nR\u00e9novation de l\u2019orgue.<\/p>\n<p>Lisbonne I\/7 (Portugal), orchestre Gulbenkian<br \/>\nOrgue coffre neuf avec registres coup\u00e9s (B\/D) et quatre possibilit\u00e9s de transposition.<\/p>\n<p>Montricher I\/7 (Suisse), \u00e9glise protestante<br \/>\nOrgue coffre neuf avec registres coup\u00e9s et quatre possibilit\u00e9s de transposition.<\/p>\n<p><strong>2004<\/strong><br \/>\nSent II\/P\/15 (Suisse), \u00e9glise protestante<br \/>\nR\u00e9novation d\u2019un orgue Kuhn centenaire.<\/p>\n<p>Munich I\/7 \u00abB\/S\u00bb (Allemagne), \u00e9glise catholique Maximilian Kolbe<br \/>\nOrgue coffre neuf avec registres coup\u00e9s (B\/D) et quatre possibilit\u00e9s de transposition.<\/p>\n<p><strong>2003<\/strong><br \/>\nGraz I\/P\/11 (Autriche), \u00e9glise catholique Mariahilf<br \/>\nOrgue de choeur neuf avec soubassement en verre, construit pour Graz, capitale europ\u00e9enne de la culture en 2003.<\/p>\n<p>Horn III\/P\/31 (Autriche), \u00e9glise catholique St. Georg<br \/>\nOrgue neuf dans un buffet historique.<br \/>\n\u2013 Enregistrement CD:<br \/>\nIn Dulci Jubilo<br \/>\nElisabeth Ullmann (Autriche) 2005<\/p>\n<p>Strobl am Wolfgangsee II\/P\/19 (Autriche), \u00e9glise catholique<br \/>\nOrgue neuf de style baroque<\/p>\n<p>Pischk\/Bruck I\/4 (Autriche), \u00e9glise catholique St. Nikolaus<br \/>\nRestauration d\u2019un positif construit vers 1668.<\/p>\n<p><strong>2002<\/strong><br \/>\nTokyo II\/P\/8 (Japon), orgue pour un particulier<br \/>\nConstruction d\u2019un orgue de salon.<\/p>\n<p>Hyogo II\/P8 (Japon), orgue pour un particulier<br \/>\nConstruction d\u2019un orgue de salon.<\/p>\n<p>Neuberg an der M\u00fcrz I\/P6 (Autriche), cath\u00e9drale<br \/>\nRestauration de l\u2019orgue de choeur construit vers 1670.<\/p>\n<p><strong>2001<\/strong><br \/>\nB\u00e9thune III\/P\/45 (France), \u00e9glise catholique Saint Vaast<br \/>\nOrgue neuf de style Arp Schnitger<br \/>\n\u2013 Enregistrement CD<br \/>\nLive \u00e0 B\u00e9thune de la Renaissance au Jazz (2001)<br \/>\nM. Alabau, J. Boyer, N. Bucher, M. Chapuis, F. Jacob, O. Latry, G. Leroy, R. Lutz, J.M. Tricoteaux, L.Weeger, Concert Royal.<\/p>\n<p><strong>2000<\/strong><br \/>\nConstruction d\u2019un nouvel atelier et d\u2019un hall de montage \u00e0 Felsberg (Suisse).<\/p>\n<p>Habikino III\/P\/43 (Japon), salle de concert Bunka Hall<br \/>\nPremier orgue neuf destin\u00e9 au Japon, d\u2019inspiration Gottfried Silbermann (Hauptwerk\/ Oberwerk\/p\u00e9dale) et comportant un r\u00e9cit de style fran\u00e7ais (19e).<br \/>\nConception enti\u00e8rement nouvelle et premi\u00e8re r\u00e9alisation d\u2019un syst\u00e8me de commutation m\u00e9canique permettant le passage d\u2019une registration purement m\u00e9canique \u00e0 une commande \u00e9lectronique des registres et appel\u00e9 FELSBERGER CHANGE OVER SYSTEM<br \/>\nPremi\u00e8re collaboration avec Yamaha Corporation (Hamamatsu\/Japon).<br \/>\n\u2013 Enregistrement CD<br \/>\nKaoru Dobashi (Japon) 2002<\/p>\n<p><strong>1999<\/strong><br \/>\nMunich II\/P\/18 (Allemagne), \u00e9glise catholique Maximilian Kolbe<br \/>\nOrgue neuf.<\/p>\n<p>Eferding II\/P\/18 (Autriche), \u00e9glise protestante<br \/>\nOrgue neuf de style Allemagne du Nord (17e si\u00e8cle).<\/p>\n<p><strong>1998<\/strong><br \/>\nNeuberg an der M\u00fcrz I\/P\/10 \u00abB\/S\u00bb (Autriche), \u00e9glise catholique, Gr\u00fcnanger<br \/>\nPremier orgue neuf construit pour l\u2019Autriche.<\/p>\n<p>Deux anniversaires \u00e0 c\u00e9l\u00e9brer: 30 ans d\u2019activit\u00e9 pour ORGELBAU FELSBERG AG 100 ans de facture d\u2019orgue \u00e0 Felsberg.<\/p>\n<p>Michael Freytag, facteur d\u2019orgue (n\u00e9 en 1969) acc\u00e8de \u00e0 la direction de la manufacture.<\/p>\n<p>Coire I\/7 \u00abB\/S\u00bb (Suisse), \u00e9glise protestante St. Martin<br \/>\nOrgue coffre neuf \u00e0 registres coup\u00e9s (B\/D) et quatre possibilit\u00e9s de transposition.<\/p>\n<p>Lausanne I\/7 \u00abB\/S\u00bb (Suisse), Conservatoire<br \/>\nOrgue coffre neuf \u00e0 registres coup\u00e9s (B\/D) et quatre possibilit\u00e9s de transposition.<\/p>\n<p><strong>1996<\/strong><br \/>\nCorsier II\/P\/16 \u00abB\/S\u00bb (Suisse), \u00e9glise protestante<br \/>\nOrgue neuf de style flamand (17e si\u00e8cle).<\/p>\n<p>Lajen I\/3 (Italie), \u00e9glise catholique<br \/>\nRestauration d\u2019un orgue de procession d\u00e9but 18e si\u00e8cle.<\/p>\n<p>Saint L\u00e9gier II\/P\/18 (Suisse), \u00e9glise protestante<br \/>\nOrgue neuf dans le style du facteur Arp Schnitger (Allemagne du Nord).<br \/>\n\u2013 Enregistrement CD:<br \/>\nChristian von Blohn (Allemagne) 1997<\/p>\n<p><strong>1995<\/strong><br \/>\nReschen II\/P\/20 (Italie), \u00e9glise paroissiale catholique<br \/>\nOrgue neuf construit dans le style des orgues du Haut-Adige.<\/p>\n<p>Gen\u00e8ve II\/P\/31 (Suisse), \u00e9glise protestante Saint Gervais<br \/>\nOrgue neuf de style normand (17e si\u00e8cle).<\/p>\n<p><strong>1994<\/strong><br \/>\nLyon II\/P\/32 (France), Notre Dame, Saint Vincent<br \/>\nOrgue neuf d\u2019inspiration de style \u00abAllemagne du Nord (17e \/18e si\u00e8cles)\u00bb.<br \/>\n\u2013 Enregistrements CD :<br \/>\nOlivier Vernet (France) 1994<br \/>\nFr\u00e9d\u00e9ric Desenclos (France) 1999<br \/>\nHelmut Deutsch (Allemagne) 2003<\/p>\n<p>Oberv\u00f6ls I\/P\/5 (Italie), chapelle catholique<br \/>\nRestauration d\u2019un orgue de procession du 18e si\u00e8cle.<\/p>\n<p>Klosters I\/P\/5 (Suisse), \u00e9glise protestante<br \/>\nRestauration d\u2019un orgue presque enti\u00e8rement pr\u00e9serv\u00e9 dans son \u00e9tat d\u2019origine, avec fa\u00e7ade \u00e0 l\u2019avant et \u00e0 l\u2019arri\u00e8re du buffet et d\u00fb au facteur Elias K\u00f6berle (Constance 1686).<\/p>\n<p><strong>1993<\/strong><br \/>\nSt. Andr\u00e9 I\/P\/16 (Italie), \u00e9glise catholique<br \/>\nRestauration de l\u2019orgue historique.<\/p>\n<p>Saragosse II\/P\/26 \u00abB\/S\u00bb (Espagne), \u00e9glise San Pablo<br \/>\nRestauration\/reconstruction d\u2019un orgue historique dans un buffet de l\u2019\u00e9poque gothique.<br \/>\nTravaux r\u00e9alis\u00e9s en collaboration avec Christine et Claudio Rainolter, Tarazona (Aragon\/Espagne), repr\u00e9sentants d\u2019ORGELBAU FELSBERG AG pour l\u2019Espagne et le Portugal.<br \/>\n\u2013 Enregistrements CD:<br \/>\nJan WillemJansen (France) et Los M\u00fasicos de Su Alteza (Espagne) \u00abDiapason d\u2019Or 1999\u00bb.<\/p>\n<p>Pontresina II\/P\/7 (Suisse), \u00e9glise simultan\u00e9e Santa Maria<br \/>\nOrgue neuf de style italien.<\/p>\n<p>Boudry II\/P\/21 (Suisse), \u00e9glise protestante<br \/>\nOrgue neuf de style Gottfried Silbermann.<br \/>\n\u2013 Enregistrement CD<br \/>\nPierre Laurent Haesler (Suisse) 2000<\/p>\n<p><strong>1992<\/strong><br \/>\nRotwand I\/P\/7 (Italie), \u00e9glise catholique<br \/>\nRestauration de l\u2019orgue historique.<\/p>\n<p>Oberbozen II\/P\/20 (Italie), \u00e9glise paroissiale catholique<br \/>\nOrgue neuf de style allemand.<\/p>\n<p>Wolkenstein II\/P\/19 (Italie), \u00e9glise paroissiale catholique<br \/>\nOrgue neuf con\u00e7u selon le facteur Josef Aigner (19e si\u00e8cle) et aliment\u00e9 par une grande soufflerie cun\u00e9iforme (commande manuelle ou par ventilateur \u00e9lectrique).<\/p>\n<p>St. Margrethen II\/P\/21 (Suisse), \u00e9glise protestante<br \/>\nPremi\u00e8re r\u00e9alisation en Suisse d\u2019un orgue dans le style de Gottfried Silbermann (1683\u20131753).<br \/>\nSoufflerie cun\u00e9iforme \u00e9quip\u00e9e de deux grands soufflets \u00e0 l\u2019allemande. Commande manuelle ou par ventilateur \u00e9lectrique.<br \/>\n\u2013 Enregistrements CD:<br \/>\nRudolf Meyer (Suisse)<br \/>\nHans Otto (Allemagne)<br \/>\nGottfried Silbermann Gesellschaft<\/p>\n<p><strong>1991<\/strong><br \/>\nLa Chaux-de-Fonds III\/P\/45 (Suisse), Grand Temple<br \/>\nRestauration d\u2019un orgue pneumatique en collaboration avec les Monuments Historiques de la Conf\u00e9d\u00e9ration Helv\u00e9tique.<\/p>\n<p>Stilfs I\/P\/16 (Italie), \u00e9glise catholique<br \/>\nRestauration de l\u2019orgue historique (J. Sies 1860).<\/p>\n<p>Pfalzen II\/P\/21 (Italie), \u00e9glise catholique<br \/>\nRestauration de l\u2019orgue historique (F. Weber 1868)<\/p>\n<p><strong>1990<\/strong><br \/>\nIlanz II\/P\/18 (Suisse), \u00e9glise protestante St. Margrethen<br \/>\nOrgue neuf et reconstruction d\u2019un orgue dans un buffet historique datant de 1684 (Hauptwerk) et 1765 (Oberwerk).<br \/>\nPremi\u00e8re r\u00e9alisation d\u2019un dispositif m\u00e9canique permettant le passage \u00e0 \u00abl\u2019octave courte\u00bb au grand-orgue. Soufflets cun\u00e9iformes \u00e0 commande manuelle ou par ventilateur \u00e9lectrique.<\/p>\n<p>Neuch\u00e2tel I\/2 (Suisse), mus\u00e9e.<br \/>\nRestauration de la partie orgue de la c\u00e9l\u00e8bre \u00abMusicienne\u00bb appartenant au groupe d\u2019andro\u00efdes de Jacquet-Droz (1768) expos\u00e9s au \u00abMus\u00e9e d\u2019Art et d\u2019Histoire de Neuch\u00e2tel\u00bb.<\/p>\n<p>Chavannes I\/P9 (Suisse), \u00e9glise protestante<br \/>\nOrgue neuf dans le style valaisan du 17e si\u00e8cle.<br \/>\nOctave courte et feintes bris\u00e9es sur fa di\u00e8se et sol di\u00e8se.<br \/>\nAccord m\u00e9sotonique.<\/p>\n<p>Lausanne I\/P\/9 \u00ab B\/S \u00bb (Suisse), \u00e9glise protestante St. Laurent<br \/>\nPremi\u00e8re r\u00e9alisation en Suisse d\u2019un orgue espagnol avec octave courte et feintes bris\u00e9es sur fa di\u00e8se 1 et sol di\u00e8se 1, r\u00e9 di\u00e8se 2 et la b\u00e9mol 2, r\u00e9 di\u00e8se 3 et la b\u00e9mol 3+r\u00e9 di\u00e8se 4.<br \/>\nSoufflerie cun\u00e9iforme \u00e0 commande manuelle ou par ventilateur \u00e9lectrique.<br \/>\nAccord m\u00e9sotonique.<\/p>\n<p><strong>1988<\/strong><br \/>\nSt.Gall III\/P\/31 (Suisse), \u00e9glise protestante St.Mangen<br \/>\nOrgue neuf dans le style des facteurs d\u2019Allemagne du Nord des 17e et 18e si\u00e8cles.<br \/>\nPremi\u00e8re r\u00e9alisation d\u2019une machine (robot) permettant au souffleur d\u2019actionner plus facilement les grands soufflets cun\u00e9iformes \u00e0 l\u2019allemande, avec possibilit\u00e9 de commutation sur alimentation par ventilateur \u00e9lectrique.<\/p>\n<p>Bagio II\/P\/22 (Philippines), cath\u00e9drale<br \/>\nR\u00e9novation de l\u2019orgue<\/p>\n<p><strong>1986<\/strong><br \/>\nLausanne II\/P\/26 (Suisse), \u00e9glise protestante St. Paul<br \/>\nOrgue neuf dans le style d\u2019Arp Schnitger avec tourelles de p\u00e9dale (en 16 pieds) et soufflerie cun\u00e9iforme \u00e0 trois soufflets pouvant aussi \u00eatre actionn\u00e9e manuellement.<\/p>\n<p>Gen\u00e8ve I\/5 (Suisse), orgue pour un particulier<br \/>\nReconstruction d\u2019un positif de style italien sur le mod\u00e8le restaur\u00e9 d\u2019un orgue de salon florentin remontant aux 17e\/18e si\u00e8cles. Octave courte, marches \u00e9court\u00e9es.<br \/>\nAccord m\u00e9sotonique<\/p>\n<p>Coire I\/5 (Suisse), orgue pour un particulier<br \/>\nReconstruction d\u2019un positif de style italien sur le mod\u00e8le restaur\u00e9 d\u2019un orgue de salon florentin remontant aux 17e\/18e si\u00e8cles. Octave courte, marches \u00e9court\u00e9es.<br \/>\nAccord m\u00e9sotonique.<\/p>\n<p>Lausanne I\/P\/8 (Suisse), \u00e9glise protestante St. Laurent<br \/>\nRestauration d\u2019un orgue italien du 19e si\u00e8cle, d\u2019origine napolitaine.<\/p>\n<p><strong>1985<\/strong><br \/>\nRenens I\/P\/4 (Suisse), orgue pour un particulier<br \/>\nPositif renaissance avec octave courte. Soufflet actionn\u00e9 au pied.<br \/>\nAccord m\u00e9sotonique.<\/p>\n<p>La C\u00f4te-aux-F\u00e9es (Suisse), instrument pour un particulier<br \/>\nR\u00e9gale neuve d\u2019apr\u00e8s des mod\u00e8les historiques pour l\u2019horloger Valentin Piaget.<\/p>\n<p>Vevey (Suisse), instrument pour un particulier<br \/>\nR\u00e9gale neuve d\u2019apr\u00e8s des mod\u00e8les historiques.<\/p>\n<p><strong>1984<\/strong><br \/>\nFribourg III\/P\/40 (Suisse), \u00e9glise catholique du Christ Roi<br \/>\nConstruction d\u2019un orgue neuf de style romantique fran\u00e7ais selon Callinet.<br \/>\nR\u00e9alisation d\u2019une combinaison m\u00e9canique \u00e0 boutons tournants actionn\u00e9e par air comprim\u00e9.<br \/>\n\u2013 Enregistrement CD.<br \/>\nImprovisations<br \/>\nJean-Louis Feiertag (Suisse), 2005<\/p>\n<p><strong>1980<\/strong><br \/>\nLenzerheide II\/P\/16 (Suisse), \u00e9glise catholique San Carlo<br \/>\nPremi\u00e8re construction d\u2019un orgue neuf avec Oberwerk et \u00abZimbelstern\u00bb.<\/p>\n<p>Fex I\/4 (Suisse), \u00e9glise protestante<br \/>\nOrgue neuf en balustrade avec soufflet actionn\u00e9 au pied.<br \/>\n\u00abSitu\u00e9 \u00e0 1950 m d\u2019altitude, il est l\u2019orgue neuf le plus \u00e9lev\u00e9 d\u2019Europe\u00bb.<\/p>\n<p>La C\u00f4te aux F\u00e9es II\/P\/17 (Suisse), \u00e9glise protestante<br \/>\nConstruction du premier orgue neuf dans le style d\u2019Arp Schnitger en Suisse.<br \/>\nR\u00e9alisation d\u2019une machine \u00e0 marteler les tuyaux selon Dom Bedos.<br \/>\n\u2013 Enregistrement CD:<br \/>\nSylvain Ciaravolo (France)<\/p>\n<p>Longares I\/P\/20 (Espagne), \u00e9glise catholique<br \/>\nRestauration d\u2019un orgue de 1699. Construction d\u2019une soufflerie cun\u00e9iforme \u00e0 plusieurs plis actionn\u00e9e manuellement.<br \/>\nAccord m\u00e9sotonique.<br \/>\n\u2013 Bibliographie :<br \/>\n\u00abEl Organo de Longares\u00bb, publication en espagnol, en fran\u00e7ais et en allemand.<br \/>\n\u2013 Discographie:<br \/>\nJos\u00e9 Luis Gonzales-Uriol (Espagne)<\/p>\n<p>Coire II\/P\/8 (Suisse), orgue pour un particulier<br \/>\nOrgue de salon neuf.<br \/>\n\u2013 Discographie<br \/>\nRoman Cantieni (Suisse)<\/p>\n<p>Schiers II\/P\/8 (Suisse), orgue dans une \u00e9cole<br \/>\nOrgue de travail neuf.<\/p>\n<p>Munich II\/P\/8 (Allemagne), orgue pour un particulier<br \/>\nOrgue de salon neuf.<\/p>\n<p><strong>1976<\/strong><br \/>\nLe capital en actions est port\u00e9 \u00e0 CHF 100000.\u2013<\/p>\n<p>St.Moritz III\/P\/29 (Suisse), \u00e9glise protestante<br \/>\nOrgue neuf \u00e0 trois claviers pour l\u2019\u00e9glise du village.<br \/>\nPremi\u00e8re r\u00e9alisation en Suisse d\u2019une combinaison triple enti\u00e8rement m\u00e9canique \u00e0 boutons tournants.<\/p>\n<p>Colmar III\/P\/48 (France), cath\u00e9drale Saint Martin<br \/>\nConstruction d\u2019un instrument neuf pour le grand orgue en tribune.<br \/>\nPremier contrat \u00e0 l\u2019\u00e9tranger. Instrument dans le style des facteurs d\u2019Allemagne du Nord dans un buffet de 1755.<br \/>\nTuyauterie en m\u00e9tal martel\u00e9.<br \/>\n\u2013 Discographie: Ren\u00e9 Saorgin (France)<br \/>\nBernard Lagac\u00e9 (Canada)<br \/>\nWolfgang R\u00fcbsam (Allemagne)<br \/>\n\u2013 Enregistrement CD: Patrick Ernst et Hubert Heller (France)<\/p>\n<p><strong>1975<\/strong><br \/>\nTamins II\/P\/17 (Suisse), \u00e9glise protestante<br \/>\nPremi\u00e8re construction en Suisse d\u2019une soufflerie cun\u00e9iforme \u00e0 3 soufflets pour un orgue neuf.<br \/>\nOrgue avec m\u00e9canique suspendue et accouplement \u00e0 tiroir.<br \/>\nAccord selon Kirnberger.<\/p>\n<p>Gachnang II\/P\/18 (Suisse), \u00e9glise protestante<br \/>\nConstruction d\u2019un premier orgue avec positif de dos.<br \/>\nAccord selon Werkmeister.<\/p>\n<p><strong>1969<\/strong><br \/>\nVersam I\/P\/9 (Suisse), \u00e9glise protestante<br \/>\nRestauration d\u2019un orgue de 1786<\/p>\n<p><strong>1968<\/strong><br \/>\nFondation de la manufacture \u00abORGELBAU FELSBERG AG\u00bb d\u2019un capital en actions de CHF 50000.\u2013<\/p>\n<p>Falera I\/P\/10 (Suisse), \u00e9glise catholique Premi\u00e8re construction d\u2019un orgue neuf de taille moyenne pour cette paroisse de montagne en pays romanche. Le facteur Richard Freytag est citoyen de cette commune.<\/p>\n","protected":false},"excerpt":{"rendered":"<p>2005 Tokyo III\/P16 (Japon), orgue pour un particulier Orgue de salon neuf Rona I\/P\/12 (Suisse), \u00e9glise catholique R\u00e9novation de l\u2019orgue dont les parties les plus anciennes datent de 1675 et proviennent du couvent St. Jean de M\u00fcstair. Tokyo I\/6 (Japon), \u00e9glise protestante Orgue coffre neuf avec registres coup\u00e9s (B\/D) et quatre possibilit\u00e9s de transposition. Fribourg &hellip; <a href=\"https:\/\/002.orgelbau-felsberg.ch\/fr\/histoire\/\" class=\"more-link\">Continuer la lecture<span class=\"screen-reader-text\"> de &laquo;&nbsp;Histoire&nbsp;&raquo;<\/span><\/a><\/p>\n","protected":false},"author":1,"featured_media":0,"parent":0,"menu_order":0,"comment_status":"closed","ping_status":"closed","template":"","meta":{"_acf_changed":false,"footnotes":""},"class_list":["post-4272","page","type-page","status-publish","hentry"],"acf":[],"_links":{"self":[{"href":"https:\/\/002.orgelbau-felsberg.ch\/fr\/wp-json\/wp\/v2\/pages\/4272","targetHints":{"allow":["GET"]}}],"collection":[{"href":"https:\/\/002.orgelbau-felsberg.ch\/fr\/wp-json\/wp\/v2\/pages"}],"about":[{"href":"https:\/\/002.orgelbau-felsberg.ch\/fr\/wp-json\/wp\/v2\/types\/page"}],"author":[{"embeddable":true,"href":"https:\/\/002.orgelbau-felsberg.ch\/fr\/wp-json\/wp\/v2\/users\/1"}],"replies":[{"embeddable":true,"href":"https:\/\/002.orgelbau-felsberg.ch\/fr\/wp-json\/wp\/v2\/comments?post=4272"}],"version-history":[{"count":5,"href":"https:\/\/002.orgelbau-felsberg.ch\/fr\/wp-json\/wp\/v2\/pages\/4272\/revisions"}],"predecessor-version":[{"id":4949,"href":"https:\/\/002.orgelbau-felsberg.ch\/fr\/wp-json\/wp\/v2\/pages\/4272\/revisions\/4949"}],"wp:attachment":[{"href":"https:\/\/002.orgelbau-felsberg.ch\/fr\/wp-json\/wp\/v2\/media?parent=4272"}],"curies":[{"name":"wp","href":"https:\/\/api.w.org\/{rel}","templated":true}]}}